{"id":830,"date":"2021-06-30T11:03:13","date_gmt":"2021-06-30T11:03:13","guid":{"rendered":"https:\/\/feel-good.li\/?page_id=830"},"modified":"2021-11-26T16:32:11","modified_gmt":"2021-11-26T16:32:11","slug":"powerplate-galileo","status":"publish","type":"page","link":"https:\/\/feel-good.li\/index.php\/powerplate-galileo\/","title":{"rendered":"PowerPlate \/ Galileo"},"content":{"rendered":"\t\t<div data-elementor-type=\"wp-page\" data-elementor-id=\"830\" class=\"elementor elementor-830\">\n\t\t\t\t\t\t\t\t\t<section class=\"elementor-section elementor-top-section elementor-element elementor-element-2cb25e95 elementor-section-boxed elementor-section-height-default elementor-section-height-default\" data-id=\"2cb25e95\" data-element_type=\"section\">\n\t\t\t\t\t\t<div class=\"elementor-container elementor-column-gap-default\">\n\t\t\t\t\t<div class=\"elementor-column elementor-col-100 elementor-top-column elementor-element elementor-element-4d6d7d1b\" data-id=\"4d6d7d1b\" data-element_type=\"column\">\n\t\t\t<div class=\"elementor-widget-wrap elementor-element-populated\">\n\t\t\t\t\t\t\t\t<section class=\"elementor-section elementor-inner-section elementor-element elementor-element-b2d2676 elementor-section-boxed elementor-section-height-default elementor-section-height-default\" data-id=\"b2d2676\" data-element_type=\"section\">\n\t\t\t\t\t\t<div class=\"elementor-container elementor-column-gap-default\">\n\t\t\t\t\t<div class=\"elementor-column elementor-col-50 elementor-inner-column elementor-element elementor-element-2e50564\" data-id=\"2e50564\" data-element_type=\"column\">\n\t\t\t<div class=\"elementor-widget-wrap elementor-element-populated\">\n\t\t\t\t\t\t\t\t<div class=\"elementor-element elementor-element-1efccdf elementor-widget elementor-widget-text-editor\" data-id=\"1efccdf\" data-element_type=\"widget\" data-widget_type=\"text-editor.default\">\n\t\t\t\t<div class=\"elementor-widget-container\">\n\t\t\t\t\t\t\t<p>Wir verf\u00fcgen im Bereich des Vibrationstrainings \u00fcber 2 Methoden. Zum einen ist die bekannte Power Plate ein optimales Instrument um vor allem die K\u00f6rperspannung und Kraft zu verbessern. Mit bis zu 2400 Muskelkontraktionen bietet diese Art von Training auch einen grossen Vorteil f\u00fcr die Knochenstruktur und ist f\u00fcr jedes Alter bestens geeignet. Unsere seitenalternierende Galileo-Platte nutzen wir eher zur Mobilisierung und zum Training f\u00fcr den Gleichgewichtssinn. Bei beiden Ger\u00e4ten sind ein Ganzk\u00f6rpertraining und zus\u00e4tzlich wohltuende Massagen m\u00f6glich.<\/p>\t\t\t\t\t\t<\/div>\n\t\t\t\t<\/div>\n\t\t\t\t\t<\/div>\n\t\t<\/div>\n\t\t\t\t<div class=\"elementor-column elementor-col-50 elementor-inner-column elementor-element elementor-element-32057a4\" data-id=\"32057a4\" data-element_type=\"column\">\n\t\t\t<div class=\"elementor-widget-wrap elementor-element-populated\">\n\t\t\t\t\t\t\t\t<div class=\"elementor-element elementor-element-091764d elementor-widget elementor-widget-image\" data-id=\"091764d\" data-element_type=\"widget\" data-widget_type=\"image.default\">\n\t\t\t\t<div class=\"elementor-widget-container\">\n\t\t\t\t\t\t\t\t\t\t\t\t\t\t\t<img loading=\"lazy\" decoding=\"async\" width=\"1024\" height=\"457\" src=\"https:\/\/feel-good.li\/wp-content\/uploads\/2021\/06\/PowerPlate2-fg2-1024x457.png\" class=\"attachment-large size-large wp-image-515\" alt=\"\" srcset=\"https:\/\/feel-good.li\/wp-content\/uploads\/2021\/06\/PowerPlate2-fg2-1024x457.png 1024w, https:\/\/feel-good.li\/wp-content\/uploads\/2021\/06\/PowerPlate2-fg2-300x134.png 300w, https:\/\/feel-good.li\/wp-content\/uploads\/2021\/06\/PowerPlate2-fg2-768x343.png 768w, https:\/\/feel-good.li\/wp-content\/uploads\/2021\/06\/PowerPlate2-fg2.png 1164w\" sizes=\"auto, (max-width: 1024px) 100vw, 1024px\" \/>\t\t\t\t\t\t\t\t\t\t\t\t\t\t\t<\/div>\n\t\t\t\t<\/div>\n\t\t\t\t\t<\/div>\n\t\t<\/div>\n\t\t\t\t\t\t\t<\/div>\n\t\t<\/section>\n\t\t\t\t\t<\/div>\n\t\t<\/div>\n\t\t\t\t\t\t\t<\/div>\n\t\t<\/section>\n\t\t\t\t\t\t\t<\/div>\n\t\t","protected":false},"excerpt":{"rendered":"<p>Wir verf\u00fcgen im Bereich des Vibrationstrainings \u00fcber 2 Methoden. Zum einen ist die bekannte Power Plate ein optimales Instrument um vor allem die K\u00f6rperspannung und Kraft zu verbessern. Mit bis zu 2400 Muskelkontraktionen bietet diese Art von Training auch einen grossen Vorteil f\u00fcr die Knochenstruktur und ist f\u00fcr jedes Alter bestens geeignet. Unsere seitenalternierende Galileo-Platte &hellip;<\/p>\n<p class=\"read-more\"> <a class=\"\" href=\"https:\/\/feel-good.li\/index.php\/powerplate-galileo\/\"> <span class=\"screen-reader-text\">PowerPlate \/ Galileo<\/span> Weiterlesen &raquo;<\/a><\/p>\n","protected":false},"author":1,"featured_media":0,"parent":0,"menu_order":0,"comment_status":"closed","ping_status":"closed","template":"","meta":{"site-sidebar-layout":"default","site-content-layout":"default","ast-global-header-display":"","ast-main-header-display":"","ast-hfb-above-header-display":"","ast-hfb-below-header-display":"","ast-hfb-mobile-header-display":"","site-post-title":"","ast-breadcrumbs-content":"","ast-featured-img":"","footer-sml-layout":"","theme-transparent-header-meta":"default","adv-header-id-meta":"","stick-header-meta":"","header-above-stick-meta":"","header-main-stick-meta":"","header-below-stick-meta":"","footnotes":""},"class_list":["post-830","page","type-page","status-publish","hentry"],"_links":{"self":[{"href":"https:\/\/feel-good.li\/index.php\/wp-json\/wp\/v2\/pages\/830","targetHints":{"allow":["GET"]}}],"collection":[{"href":"https:\/\/feel-good.li\/index.php\/wp-json\/wp\/v2\/pages"}],"about":[{"href":"https:\/\/feel-good.li\/index.php\/wp-json\/wp\/v2\/types\/page"}],"author":[{"embeddable":true,"href":"https:\/\/feel-good.li\/index.php\/wp-json\/wp\/v2\/users\/1"}],"replies":[{"embeddable":true,"href":"https:\/\/feel-good.li\/index.php\/wp-json\/wp\/v2\/comments?post=830"}],"version-history":[{"count":6,"href":"https:\/\/feel-good.li\/index.php\/wp-json\/wp\/v2\/pages\/830\/revisions"}],"predecessor-version":[{"id":1096,"href":"https:\/\/feel-good.li\/index.php\/wp-json\/wp\/v2\/pages\/830\/revisions\/1096"}],"wp:attachment":[{"href":"https:\/\/feel-good.li\/index.php\/wp-json\/wp\/v2\/media?parent=830"}],"curies":[{"name":"wp","href":"https:\/\/api.w.org\/{rel}","templated":true}]}}