{"id":828,"date":"2021-06-30T11:02:47","date_gmt":"2021-06-30T11:02:47","guid":{"rendered":"https:\/\/feel-good.li\/?page_id=828"},"modified":"2021-11-26T16:30:46","modified_gmt":"2021-11-26T16:30:46","slug":"qrs-pelvi-center","status":"publish","type":"page","link":"https:\/\/feel-good.li\/index.php\/qrs-pelvi-center\/","title":{"rendered":"QRS Pelvi Center"},"content":{"rendered":"\t\t<div data-elementor-type=\"wp-page\" data-elementor-id=\"828\" class=\"elementor elementor-828\">\n\t\t\t\t\t\t\t\t\t<section class=\"elementor-section elementor-top-section elementor-element elementor-element-bc2519c elementor-section-boxed elementor-section-height-default elementor-section-height-default\" data-id=\"bc2519c\" data-element_type=\"section\">\n\t\t\t\t\t\t<div class=\"elementor-container elementor-column-gap-default\">\n\t\t\t\t\t<div class=\"elementor-column elementor-col-100 elementor-top-column elementor-element elementor-element-84a689d\" data-id=\"84a689d\" data-element_type=\"column\">\n\t\t\t<div class=\"elementor-widget-wrap elementor-element-populated\">\n\t\t\t\t\t\t\t\t<section class=\"elementor-section elementor-inner-section elementor-element elementor-element-10bba31 elementor-section-boxed elementor-section-height-default elementor-section-height-default\" data-id=\"10bba31\" data-element_type=\"section\">\n\t\t\t\t\t\t<div class=\"elementor-container elementor-column-gap-default\">\n\t\t\t\t\t<div class=\"elementor-column elementor-col-50 elementor-inner-column elementor-element elementor-element-42654b5\" data-id=\"42654b5\" data-element_type=\"column\">\n\t\t\t<div class=\"elementor-widget-wrap elementor-element-populated\">\n\t\t\t\t\t\t\t\t<div class=\"elementor-element elementor-element-6d28570 elementor-widget elementor-widget-text-editor\" data-id=\"6d28570\" data-element_type=\"widget\" data-widget_type=\"text-editor.default\">\n\t\t\t\t<div class=\"elementor-widget-container\">\n\t\t\t\t\t\t\t<p>Beim QRS Pelvic Center handelt es sich um ein medizinisch zertifiziertes Ger\u00e4t, welches vor allem die Beckenbodenmuskulatur und die umgebenden Strukturen beansprucht und dadurch sehr effizient trainiert und st\u00e4rkt. Unser Slogan heisst \u201e f\u00fcr Beckenboden; Beauty &amp; Sport\u201c was so viel bedeutet, dass nebst dem wichtigen Beckenboden auch das Hautbild verbessert und vor allem auch die Oberschenkel- und Ges\u00e4ssmuskulatur gekr\u00e4ftigt wird. Die Behandlungsdauer ist mit 20 Minuten Aufwand \u00fcberschaubar und kann ohne Aufwand in den Alltag intergiert werden.<\/p>\t\t\t\t\t\t<\/div>\n\t\t\t\t<\/div>\n\t\t\t\t\t<\/div>\n\t\t<\/div>\n\t\t\t\t<div class=\"elementor-column elementor-col-50 elementor-inner-column elementor-element elementor-element-a325e6b\" data-id=\"a325e6b\" data-element_type=\"column\">\n\t\t\t<div class=\"elementor-widget-wrap elementor-element-populated\">\n\t\t\t\t\t\t\t\t<div class=\"elementor-element elementor-element-703c9fa elementor-widget elementor-widget-image\" data-id=\"703c9fa\" data-element_type=\"widget\" data-widget_type=\"image.default\">\n\t\t\t\t<div class=\"elementor-widget-container\">\n\t\t\t\t\t\t\t\t\t\t\t\t\t\t\t<img loading=\"lazy\" decoding=\"async\" width=\"1024\" height=\"683\" src=\"https:\/\/feel-good.li\/wp-content\/uploads\/2021\/06\/Behandlung-weiss05-1024x683.jpg\" class=\"attachment-large size-large wp-image-684\" alt=\"\" srcset=\"https:\/\/feel-good.li\/wp-content\/uploads\/2021\/06\/Behandlung-weiss05-1024x683.jpg 1024w, https:\/\/feel-good.li\/wp-content\/uploads\/2021\/06\/Behandlung-weiss05-300x200.jpg 300w, https:\/\/feel-good.li\/wp-content\/uploads\/2021\/06\/Behandlung-weiss05-768x512.jpg 768w, https:\/\/feel-good.li\/wp-content\/uploads\/2021\/06\/Behandlung-weiss05-1536x1024.jpg 1536w, https:\/\/feel-good.li\/wp-content\/uploads\/2021\/06\/Behandlung-weiss05-2048x1366.jpg 2048w\" sizes=\"auto, (max-width: 1024px) 100vw, 1024px\" \/>\t\t\t\t\t\t\t\t\t\t\t\t\t\t\t<\/div>\n\t\t\t\t<\/div>\n\t\t\t\t\t<\/div>\n\t\t<\/div>\n\t\t\t\t\t\t\t<\/div>\n\t\t<\/section>\n\t\t\t\t\t<\/div>\n\t\t<\/div>\n\t\t\t\t\t\t\t<\/div>\n\t\t<\/section>\n\t\t\t\t\t\t\t<\/div>\n\t\t","protected":false},"excerpt":{"rendered":"<p>Beim QRS Pelvic Center handelt es sich um ein medizinisch zertifiziertes Ger\u00e4t, welches vor allem die Beckenbodenmuskulatur und die umgebenden Strukturen beansprucht und dadurch sehr effizient trainiert und st\u00e4rkt. Unser Slogan heisst \u201e f\u00fcr Beckenboden; Beauty &amp; Sport\u201c was so viel bedeutet, dass nebst dem wichtigen Beckenboden auch das Hautbild verbessert und vor allem auch &hellip;<\/p>\n<p class=\"read-more\"> <a class=\"\" href=\"https:\/\/feel-good.li\/index.php\/qrs-pelvi-center\/\"> <span class=\"screen-reader-text\">QRS Pelvi Center<\/span> Weiterlesen &raquo;<\/a><\/p>\n","protected":false},"author":1,"featured_media":0,"parent":0,"menu_order":0,"comment_status":"closed","ping_status":"closed","template":"","meta":{"site-sidebar-layout":"default","site-content-layout":"default","ast-global-header-display":"","ast-main-header-display":"","ast-hfb-above-header-display":"","ast-hfb-below-header-display":"","ast-hfb-mobile-header-display":"","site-post-title":"","ast-breadcrumbs-content":"","ast-featured-img":"","footer-sml-layout":"","theme-transparent-header-meta":"default","adv-header-id-meta":"","stick-header-meta":"","header-above-stick-meta":"","header-main-stick-meta":"","header-below-stick-meta":"","footnotes":""},"class_list":["post-828","page","type-page","status-publish","hentry"],"_links":{"self":[{"href":"https:\/\/feel-good.li\/index.php\/wp-json\/wp\/v2\/pages\/828","targetHints":{"allow":["GET"]}}],"collection":[{"href":"https:\/\/feel-good.li\/index.php\/wp-json\/wp\/v2\/pages"}],"about":[{"href":"https:\/\/feel-good.li\/index.php\/wp-json\/wp\/v2\/types\/page"}],"author":[{"embeddable":true,"href":"https:\/\/feel-good.li\/index.php\/wp-json\/wp\/v2\/users\/1"}],"replies":[{"embeddable":true,"href":"https:\/\/feel-good.li\/index.php\/wp-json\/wp\/v2\/comments?post=828"}],"version-history":[{"count":5,"href":"https:\/\/feel-good.li\/index.php\/wp-json\/wp\/v2\/pages\/828\/revisions"}],"predecessor-version":[{"id":1093,"href":"https:\/\/feel-good.li\/index.php\/wp-json\/wp\/v2\/pages\/828\/revisions\/1093"}],"wp:attachment":[{"href":"https:\/\/feel-good.li\/index.php\/wp-json\/wp\/v2\/media?parent=828"}],"curies":[{"name":"wp","href":"https:\/\/api.w.org\/{rel}","templated":true}]}}