{"id":538,"date":"2021-06-08T08:20:34","date_gmt":"2021-06-08T08:20:34","guid":{"rendered":"https:\/\/feel-good.li\/?page_id=538"},"modified":"2021-11-26T16:01:52","modified_gmt":"2021-11-26T16:01:52","slug":"herzgruppe","status":"publish","type":"page","link":"https:\/\/feel-good.li\/index.php\/herzgruppe\/","title":{"rendered":"Herzgruppe"},"content":{"rendered":"\t\t<div data-elementor-type=\"wp-page\" data-elementor-id=\"538\" class=\"elementor elementor-538\">\n\t\t\t\t\t\t\t\t\t<section class=\"elementor-section elementor-top-section elementor-element elementor-element-207df8d2 elementor-section-boxed elementor-section-height-default elementor-section-height-default\" data-id=\"207df8d2\" data-element_type=\"section\">\n\t\t\t\t\t\t<div class=\"elementor-container elementor-column-gap-default\">\n\t\t\t\t\t<div class=\"elementor-column elementor-col-100 elementor-top-column elementor-element elementor-element-6a49051d\" data-id=\"6a49051d\" data-element_type=\"column\">\n\t\t\t<div class=\"elementor-widget-wrap elementor-element-populated\">\n\t\t\t\t\t\t\t\t<section class=\"elementor-section elementor-inner-section elementor-element elementor-element-8352af9 elementor-section-boxed elementor-section-height-default elementor-section-height-default\" data-id=\"8352af9\" data-element_type=\"section\">\n\t\t\t\t\t\t<div class=\"elementor-container elementor-column-gap-default\">\n\t\t\t\t\t<div class=\"elementor-column elementor-col-50 elementor-inner-column elementor-element elementor-element-e234d4c\" data-id=\"e234d4c\" data-element_type=\"column\">\n\t\t\t<div class=\"elementor-widget-wrap elementor-element-populated\">\n\t\t\t\t\t\t\t\t<div class=\"elementor-element elementor-element-c4291a2 elementor-widget elementor-widget-text-editor\" data-id=\"c4291a2\" data-element_type=\"widget\" data-widget_type=\"text-editor.default\">\n\t\t\t\t<div class=\"elementor-widget-container\">\n\t\t\t\t\t\t\t<p><!-- wp:paragraph --><\/p>\n<p>Die Idee f\u00fcr diesen Bereich ist nicht nur das Training f\u00fcr die Herzmuskulatur &#8211; sondern auch &#8220;Training mit Herz und Verstand&#8221; &#8211; was so viel bedeutet, dass zwar das Training im Vordergrund steht, aber eben immer im Zusammenhang mit den gesundheitlichen Aspekt. Ideal ist dieser Bereich f\u00fcr Einzelpersonen oder Paare ab 50 jahren &#8211; und dies in einer Gruppengr\u00f6sse von 2 &#8211; 4 Personen. Ob Waldlauf &#8211; Nordicwalking &#8211; Eigenk\u00f6rpertraining &#8211; oder mit Ger\u00e4ten; alles ist m\u00f6glich!<\/p>\n<p><!-- \/wp:paragraph --><\/p>\t\t\t\t\t\t<\/div>\n\t\t\t\t<\/div>\n\t\t\t\t\t<\/div>\n\t\t<\/div>\n\t\t\t\t<div class=\"elementor-column elementor-col-50 elementor-inner-column elementor-element elementor-element-544f761\" data-id=\"544f761\" data-element_type=\"column\">\n\t\t\t<div class=\"elementor-widget-wrap elementor-element-populated\">\n\t\t\t\t\t\t\t\t<div class=\"elementor-element elementor-element-e9e8d7c elementor-widget elementor-widget-image\" data-id=\"e9e8d7c\" data-element_type=\"widget\" data-widget_type=\"image.default\">\n\t\t\t\t<div class=\"elementor-widget-container\">\n\t\t\t\t\t\t\t\t\t\t\t\t\t\t\t<img loading=\"lazy\" decoding=\"async\" width=\"1024\" height=\"683\" src=\"https:\/\/feel-good.li\/wp-content\/uploads\/2021\/11\/iStock-503524689_weiss-1-1024x683.jpg\" class=\"attachment-large size-large wp-image-1053\" alt=\"\" srcset=\"https:\/\/feel-good.li\/wp-content\/uploads\/2021\/11\/iStock-503524689_weiss-1-1024x683.jpg 1024w, https:\/\/feel-good.li\/wp-content\/uploads\/2021\/11\/iStock-503524689_weiss-1-300x200.jpg 300w, https:\/\/feel-good.li\/wp-content\/uploads\/2021\/11\/iStock-503524689_weiss-1-768x512.jpg 768w, https:\/\/feel-good.li\/wp-content\/uploads\/2021\/11\/iStock-503524689_weiss-1-1536x1024.jpg 1536w, https:\/\/feel-good.li\/wp-content\/uploads\/2021\/11\/iStock-503524689_weiss-1-2048x1365.jpg 2048w\" sizes=\"auto, (max-width: 1024px) 100vw, 1024px\" \/>\t\t\t\t\t\t\t\t\t\t\t\t\t\t\t<\/div>\n\t\t\t\t<\/div>\n\t\t\t\t\t<\/div>\n\t\t<\/div>\n\t\t\t\t\t\t\t<\/div>\n\t\t<\/section>\n\t\t\t\t\t<\/div>\n\t\t<\/div>\n\t\t\t\t\t\t\t<\/div>\n\t\t<\/section>\n\t\t\t\t\t\t\t<\/div>\n\t\t","protected":false},"excerpt":{"rendered":"<p>Die Idee f\u00fcr diesen Bereich ist nicht nur das Training f\u00fcr die Herzmuskulatur &#8211; sondern auch &#8220;Training mit Herz und Verstand&#8221; &#8211; was so viel bedeutet, dass zwar das Training im Vordergrund steht, aber eben immer im Zusammenhang mit den gesundheitlichen Aspekt. Ideal ist dieser Bereich f\u00fcr Einzelpersonen oder Paare ab 50 jahren &#8211; und &hellip;<\/p>\n<p class=\"read-more\"> <a class=\"\" href=\"https:\/\/feel-good.li\/index.php\/herzgruppe\/\"> <span class=\"screen-reader-text\">Herzgruppe<\/span> Weiterlesen &raquo;<\/a><\/p>\n","protected":false},"author":1,"featured_media":0,"parent":0,"menu_order":0,"comment_status":"closed","ping_status":"closed","template":"","meta":{"site-sidebar-layout":"default","site-content-layout":"default","ast-global-header-display":"","ast-main-header-display":"","ast-hfb-above-header-display":"","ast-hfb-below-header-display":"","ast-hfb-mobile-header-display":"","site-post-title":"","ast-breadcrumbs-content":"","ast-featured-img":"","footer-sml-layout":"","theme-transparent-header-meta":"default","adv-header-id-meta":"","stick-header-meta":"","header-above-stick-meta":"","header-main-stick-meta":"","header-below-stick-meta":"","footnotes":""},"class_list":["post-538","page","type-page","status-publish","hentry"],"_links":{"self":[{"href":"https:\/\/feel-good.li\/index.php\/wp-json\/wp\/v2\/pages\/538","targetHints":{"allow":["GET"]}}],"collection":[{"href":"https:\/\/feel-good.li\/index.php\/wp-json\/wp\/v2\/pages"}],"about":[{"href":"https:\/\/feel-good.li\/index.php\/wp-json\/wp\/v2\/types\/page"}],"author":[{"embeddable":true,"href":"https:\/\/feel-good.li\/index.php\/wp-json\/wp\/v2\/users\/1"}],"replies":[{"embeddable":true,"href":"https:\/\/feel-good.li\/index.php\/wp-json\/wp\/v2\/comments?post=538"}],"version-history":[{"count":11,"href":"https:\/\/feel-good.li\/index.php\/wp-json\/wp\/v2\/pages\/538\/revisions"}],"predecessor-version":[{"id":1065,"href":"https:\/\/feel-good.li\/index.php\/wp-json\/wp\/v2\/pages\/538\/revisions\/1065"}],"wp:attachment":[{"href":"https:\/\/feel-good.li\/index.php\/wp-json\/wp\/v2\/media?parent=538"}],"curies":[{"name":"wp","href":"https:\/\/api.w.org\/{rel}","templated":true}]}}