{"id":22,"date":"2018-02-06T10:42:12","date_gmt":"2018-02-06T10:42:12","guid":{"rendered":"https:\/\/feel-good.li\/index.php\/about\/"},"modified":"2022-06-17T15:25:14","modified_gmt":"2022-06-17T15:25:14","slug":"personaltraining","status":"publish","type":"page","link":"https:\/\/feel-good.li\/index.php\/personaltraining\/","title":{"rendered":"Personal Training"},"content":{"rendered":"\t\t<div data-elementor-type=\"wp-post\" data-elementor-id=\"22\" class=\"elementor elementor-22\">\n\t\t\t\t\t\t\t\t\t<section class=\"elementor-section elementor-top-section elementor-element elementor-element-7314e47 elementor-section-content-bottom elementor-section-boxed elementor-section-height-default elementor-section-height-default\" data-id=\"7314e47\" data-element_type=\"section\" data-settings=\"{&quot;background_background&quot;:&quot;classic&quot;}\">\n\t\t\t\t\t\t\t<div class=\"elementor-background-overlay\"><\/div>\n\t\t\t\t\t\t\t<div class=\"elementor-container elementor-column-gap-extended\">\n\t\t\t\t\t<div class=\"elementor-column elementor-col-100 elementor-top-column elementor-element elementor-element-4dd9d08\" data-id=\"4dd9d08\" data-element_type=\"column\">\n\t\t\t<div class=\"elementor-widget-wrap elementor-element-populated\">\n\t\t\t\t\t\t\t\t<div class=\"elementor-element elementor-element-9016604 elementor-widget elementor-widget-heading\" data-id=\"9016604\" data-element_type=\"widget\" data-widget_type=\"heading.default\">\n\t\t\t\t<div class=\"elementor-widget-container\">\n\t\t\t<h1 class=\"elementor-heading-title elementor-size-default\">Netzwerk f\u00fcr Personaltraining<\/h1>\t\t<\/div>\n\t\t\t\t<\/div>\n\t\t\t\t\t<\/div>\n\t\t<\/div>\n\t\t\t\t\t\t\t<\/div>\n\t\t<\/section>\n\t\t\t\t<section class=\"elementor-section elementor-top-section elementor-element elementor-element-4eb72ed elementor-section-content-middle elementor-section-boxed elementor-section-height-default elementor-section-height-default\" data-id=\"4eb72ed\" data-element_type=\"section\">\n\t\t\t\t\t\t<div class=\"elementor-container elementor-column-gap-extended\">\n\t\t\t\t\t<div class=\"elementor-column elementor-col-100 elementor-top-column elementor-element elementor-element-a5ec633\" data-id=\"a5ec633\" data-element_type=\"column\">\n\t\t\t<div class=\"elementor-widget-wrap elementor-element-populated\">\n\t\t\t\t\t\t\t\t<div class=\"elementor-element elementor-element-f450392 elementor-widget elementor-widget-heading\" data-id=\"f450392\" data-element_type=\"widget\" data-widget_type=\"heading.default\">\n\t\t\t\t<div class=\"elementor-widget-container\">\n\t\t\t<h2 class=\"elementor-heading-title elementor-size-default\">F\u00fchl dich gut mit uns<\/h2>\t\t<\/div>\n\t\t\t\t<\/div>\n\t\t\t\t<div class=\"elementor-element elementor-element-d5b1e0e elementor-widget elementor-widget-text-editor\" data-id=\"d5b1e0e\" data-element_type=\"widget\" data-widget_type=\"text-editor.default\">\n\t\t\t\t<div class=\"elementor-widget-container\">\n\t\t\t\t\t\t\t<p>Mit dem Slogan &#8220;f\u00fchl dich gut mit uns&#8221; m\u00f6chten wir ein vielf\u00e4ltiges Angebot anbieten, welches \u00fcber verschiedene Arten von K\u00f6rpertraining bis hin zur mentalen Ebene ausgeweitet werden kann. Bewegung ist das Grundelement unserer \u00dcberlegungen &#8211; wenn dazu noch Wissen \u00fcber Ern\u00e4hrung vermittelt wird und Spass in Kleingruppen gew\u00e4hrleistet ist, lassen sich die gesteckten Ziele einfach und sicher erreichen.<\/p>\t\t\t\t\t\t<\/div>\n\t\t\t\t<\/div>\n\t\t\t\t<section class=\"elementor-section elementor-inner-section elementor-element elementor-element-e154ff3 elementor-section-content-top elementor-section-boxed elementor-section-height-default elementor-section-height-default\" data-id=\"e154ff3\" data-element_type=\"section\">\n\t\t\t\t\t\t<div class=\"elementor-container elementor-column-gap-no\">\n\t\t\t\t\t<div class=\"elementor-column elementor-col-100 elementor-inner-column elementor-element elementor-element-4f075d6\" data-id=\"4f075d6\" data-element_type=\"column\">\n\t\t\t<div class=\"elementor-widget-wrap\">\n\t\t\t\t\t\t\t\t\t<\/div>\n\t\t<\/div>\n\t\t\t\t\t\t\t<\/div>\n\t\t<\/section>\n\t\t\t\t<section class=\"elementor-section elementor-inner-section elementor-element elementor-element-c6ddde8 elementor-section-height-min-height elementor-section-boxed elementor-section-height-default\" data-id=\"c6ddde8\" data-element_type=\"section\">\n\t\t\t\t\t\t<div class=\"elementor-container elementor-column-gap-wide\">\n\t\t\t\t\t<div class=\"elementor-column elementor-col-33 elementor-inner-column elementor-element elementor-element-94a19a6\" data-id=\"94a19a6\" data-element_type=\"column\">\n\t\t\t<div class=\"elementor-widget-wrap elementor-element-populated\">\n\t\t\t\t\t\t\t\t<div class=\"elementor-element elementor-element-9016f1e elementor-widget elementor-widget-image\" data-id=\"9016f1e\" data-element_type=\"widget\" data-widget_type=\"image.default\">\n\t\t\t\t<div class=\"elementor-widget-container\">\n\t\t\t\t\t\t\t\t\t\t\t\t\t\t\t\t<a href=\"https:\/\/feel-good.li\/index.php\/14-personal-training\/\">\n\t\t\t\t\t\t\t<img loading=\"lazy\" decoding=\"async\" width=\"1024\" height=\"681\" src=\"https:\/\/feel-good.li\/wp-content\/uploads\/2021\/11\/kettlebell-g293b89925_1920-1024x681.jpg\" class=\"attachment-large size-large wp-image-1059\" alt=\"\" srcset=\"https:\/\/feel-good.li\/wp-content\/uploads\/2021\/11\/kettlebell-g293b89925_1920-1024x681.jpg 1024w, https:\/\/feel-good.li\/wp-content\/uploads\/2021\/11\/kettlebell-g293b89925_1920-300x200.jpg 300w, https:\/\/feel-good.li\/wp-content\/uploads\/2021\/11\/kettlebell-g293b89925_1920-768x511.jpg 768w, https:\/\/feel-good.li\/wp-content\/uploads\/2021\/11\/kettlebell-g293b89925_1920-1536x1022.jpg 1536w, https:\/\/feel-good.li\/wp-content\/uploads\/2021\/11\/kettlebell-g293b89925_1920.jpg 1920w\" sizes=\"auto, (max-width: 1024px) 100vw, 1024px\" \/>\t\t\t\t\t\t\t\t<\/a>\n\t\t\t\t\t\t\t\t\t\t\t\t\t\t\t<\/div>\n\t\t\t\t<\/div>\n\t\t\t\t<div class=\"elementor-element elementor-element-d9ed73e elementor-widget elementor-widget-text-editor\" data-id=\"d9ed73e\" data-element_type=\"widget\" data-widget_type=\"text-editor.default\">\n\t\t\t\t<div class=\"elementor-widget-container\">\n\t\t\t\t\t\t\t<p>1:4 Personal Training<\/p>\t\t\t\t\t\t<\/div>\n\t\t\t\t<\/div>\n\t\t\t\t\t<\/div>\n\t\t<\/div>\n\t\t\t\t<div class=\"elementor-column elementor-col-33 elementor-inner-column elementor-element elementor-element-c233202\" data-id=\"c233202\" data-element_type=\"column\">\n\t\t\t<div class=\"elementor-widget-wrap elementor-element-populated\">\n\t\t\t\t\t\t\t\t<div class=\"elementor-element elementor-element-281ae5e elementor-widget elementor-widget-image\" data-id=\"281ae5e\" data-element_type=\"widget\" data-widget_type=\"image.default\">\n\t\t\t\t<div class=\"elementor-widget-container\">\n\t\t\t\t\t\t\t\t\t\t\t\t\t\t\t\t<a href=\"https:\/\/feel-good.li\/index.php\/herzgruppe\/\">\n\t\t\t\t\t\t\t<img loading=\"lazy\" decoding=\"async\" width=\"1024\" height=\"683\" src=\"https:\/\/feel-good.li\/wp-content\/uploads\/2021\/11\/iStock-503524689_weiss-1-1024x683.jpg\" class=\"attachment-large size-large wp-image-1053\" alt=\"\" srcset=\"https:\/\/feel-good.li\/wp-content\/uploads\/2021\/11\/iStock-503524689_weiss-1-1024x683.jpg 1024w, https:\/\/feel-good.li\/wp-content\/uploads\/2021\/11\/iStock-503524689_weiss-1-300x200.jpg 300w, https:\/\/feel-good.li\/wp-content\/uploads\/2021\/11\/iStock-503524689_weiss-1-768x512.jpg 768w, https:\/\/feel-good.li\/wp-content\/uploads\/2021\/11\/iStock-503524689_weiss-1-1536x1024.jpg 1536w, https:\/\/feel-good.li\/wp-content\/uploads\/2021\/11\/iStock-503524689_weiss-1-2048x1365.jpg 2048w\" sizes=\"auto, (max-width: 1024px) 100vw, 1024px\" \/>\t\t\t\t\t\t\t\t<\/a>\n\t\t\t\t\t\t\t\t\t\t\t\t\t\t\t<\/div>\n\t\t\t\t<\/div>\n\t\t\t\t<div class=\"elementor-element elementor-element-7b5c3a1 elementor-widget elementor-widget-text-editor\" data-id=\"7b5c3a1\" data-element_type=\"widget\" data-widget_type=\"text-editor.default\">\n\t\t\t\t<div class=\"elementor-widget-container\">\n\t\t\t\t\t\t\t<p>Herzgruppe (2 &#8211; 4 Personen)<\/p>\t\t\t\t\t\t<\/div>\n\t\t\t\t<\/div>\n\t\t\t\t\t<\/div>\n\t\t<\/div>\n\t\t\t\t<div class=\"elementor-column elementor-col-33 elementor-inner-column elementor-element elementor-element-91c1235\" data-id=\"91c1235\" data-element_type=\"column\">\n\t\t\t<div class=\"elementor-widget-wrap elementor-element-populated\">\n\t\t\t\t\t\t\t\t<div class=\"elementor-element elementor-element-c5d2be4 elementor-widget elementor-widget-image\" data-id=\"c5d2be4\" data-element_type=\"widget\" data-widget_type=\"image.default\">\n\t\t\t\t<div class=\"elementor-widget-container\">\n\t\t\t\t\t\t\t\t\t\t\t\t\t\t\t\t<a href=\"https:\/\/feel-good.li\/index.php\/denkduenger\/\">\n\t\t\t\t\t\t\t<img loading=\"lazy\" decoding=\"async\" width=\"499\" height=\"331\" src=\"https:\/\/feel-good.li\/wp-content\/uploads\/2022\/01\/denkduenger-logo-transparent22.png\" class=\"attachment-large size-large wp-image-1099\" alt=\"\" srcset=\"https:\/\/feel-good.li\/wp-content\/uploads\/2022\/01\/denkduenger-logo-transparent22.png 499w, https:\/\/feel-good.li\/wp-content\/uploads\/2022\/01\/denkduenger-logo-transparent22-300x199.png 300w\" sizes=\"auto, (max-width: 499px) 100vw, 499px\" \/>\t\t\t\t\t\t\t\t<\/a>\n\t\t\t\t\t\t\t\t\t\t\t\t\t\t\t<\/div>\n\t\t\t\t<\/div>\n\t\t\t\t<div class=\"elementor-element elementor-element-b7796f5 elementor-widget elementor-widget-text-editor\" data-id=\"b7796f5\" data-element_type=\"widget\" data-widget_type=\"text-editor.default\">\n\t\t\t\t<div class=\"elementor-widget-container\">\n\t\t\t\t\t\t\t<p>Denkd\u00fcnger mit Elke<\/p>\t\t\t\t\t\t<\/div>\n\t\t\t\t<\/div>\n\t\t\t\t\t<\/div>\n\t\t<\/div>\n\t\t\t\t\t\t\t<\/div>\n\t\t<\/section>\n\t\t\t\t<section class=\"elementor-section elementor-inner-section elementor-element elementor-element-6efd644 elementor-section-height-min-height elementor-section-boxed elementor-section-height-default\" data-id=\"6efd644\" data-element_type=\"section\">\n\t\t\t\t\t\t<div class=\"elementor-container elementor-column-gap-wide\">\n\t\t\t\t\t<div class=\"elementor-column elementor-col-33 elementor-inner-column elementor-element elementor-element-1fe3371\" data-id=\"1fe3371\" data-element_type=\"column\">\n\t\t\t<div class=\"elementor-widget-wrap elementor-element-populated\">\n\t\t\t\t\t\t\t\t<div class=\"elementor-element elementor-element-5ad35f4 elementor-widget elementor-widget-image\" data-id=\"5ad35f4\" data-element_type=\"widget\" data-widget_type=\"image.default\">\n\t\t\t\t<div class=\"elementor-widget-container\">\n\t\t\t\t\t\t\t\t\t\t\t\t\t\t\t\t<a href=\"https:\/\/feel-good.li\/index.php\/paartanz-hochzeitstanz\/\">\n\t\t\t\t\t\t\t<img loading=\"lazy\" decoding=\"async\" width=\"1024\" height=\"683\" src=\"https:\/\/feel-good.li\/wp-content\/uploads\/2021\/06\/hamburg-1508635_19201-1024x683.jpg\" class=\"attachment-large size-large wp-image-683\" alt=\"\" srcset=\"https:\/\/feel-good.li\/wp-content\/uploads\/2021\/06\/hamburg-1508635_19201-1024x683.jpg 1024w, https:\/\/feel-good.li\/wp-content\/uploads\/2021\/06\/hamburg-1508635_19201-300x200.jpg 300w, https:\/\/feel-good.li\/wp-content\/uploads\/2021\/06\/hamburg-1508635_19201-768x512.jpg 768w, https:\/\/feel-good.li\/wp-content\/uploads\/2021\/06\/hamburg-1508635_19201-1536x1024.jpg 1536w, https:\/\/feel-good.li\/wp-content\/uploads\/2021\/06\/hamburg-1508635_19201.jpg 1920w\" sizes=\"auto, (max-width: 1024px) 100vw, 1024px\" \/>\t\t\t\t\t\t\t\t<\/a>\n\t\t\t\t\t\t\t\t\t\t\t\t\t\t\t<\/div>\n\t\t\t\t<\/div>\n\t\t\t\t<div class=\"elementor-element elementor-element-a02f5f6 elementor-widget elementor-widget-text-editor\" data-id=\"a02f5f6\" data-element_type=\"widget\" data-widget_type=\"text-editor.default\">\n\t\t\t\t<div class=\"elementor-widget-container\">\n\t\t\t\t\t\t\t<p>Paar-\/Hochzeitstanz mit Maria<\/p>\t\t\t\t\t\t<\/div>\n\t\t\t\t<\/div>\n\t\t\t\t\t<\/div>\n\t\t<\/div>\n\t\t\t\t<div class=\"elementor-column elementor-col-33 elementor-inner-column elementor-element elementor-element-3703d0f\" data-id=\"3703d0f\" data-element_type=\"column\">\n\t\t\t<div class=\"elementor-widget-wrap elementor-element-populated\">\n\t\t\t\t\t\t\t\t<div class=\"elementor-element elementor-element-3bf249b elementor-widget elementor-widget-image\" data-id=\"3bf249b\" data-element_type=\"widget\" data-widget_type=\"image.default\">\n\t\t\t\t<div class=\"elementor-widget-container\">\n\t\t\t\t\t\t\t\t\t\t\t\t\t\t\t\t<a href=\"https:\/\/feel-good.li\/index.php\/yoga\/\">\n\t\t\t\t\t\t\t<img loading=\"lazy\" decoding=\"async\" width=\"1024\" height=\"682\" src=\"https:\/\/feel-good.li\/wp-content\/uploads\/2021\/06\/yoga-2959226_1920-1024x682.jpg\" class=\"attachment-large size-large wp-image-682\" alt=\"\" srcset=\"https:\/\/feel-good.li\/wp-content\/uploads\/2021\/06\/yoga-2959226_1920-1024x682.jpg 1024w, https:\/\/feel-good.li\/wp-content\/uploads\/2021\/06\/yoga-2959226_1920-300x200.jpg 300w, https:\/\/feel-good.li\/wp-content\/uploads\/2021\/06\/yoga-2959226_1920-768x512.jpg 768w, https:\/\/feel-good.li\/wp-content\/uploads\/2021\/06\/yoga-2959226_1920-1536x1023.jpg 1536w, https:\/\/feel-good.li\/wp-content\/uploads\/2021\/06\/yoga-2959226_1920.jpg 1920w\" sizes=\"auto, (max-width: 1024px) 100vw, 1024px\" \/>\t\t\t\t\t\t\t\t<\/a>\n\t\t\t\t\t\t\t\t\t\t\t\t\t\t\t<\/div>\n\t\t\t\t<\/div>\n\t\t\t\t<div class=\"elementor-element elementor-element-6e31836 elementor-widget elementor-widget-text-editor\" data-id=\"6e31836\" data-element_type=\"widget\" data-widget_type=\"text-editor.default\">\n\t\t\t\t<div class=\"elementor-widget-container\">\n\t\t\t\t\t\t\t<p>Yoga\/Flexibility mit Katrin<\/p>\t\t\t\t\t\t<\/div>\n\t\t\t\t<\/div>\n\t\t\t\t\t<\/div>\n\t\t<\/div>\n\t\t\t\t<div class=\"elementor-column elementor-col-33 elementor-inner-column elementor-element elementor-element-e152ba8\" data-id=\"e152ba8\" data-element_type=\"column\">\n\t\t\t<div class=\"elementor-widget-wrap elementor-element-populated\">\n\t\t\t\t\t\t\t\t<div class=\"elementor-element elementor-element-8be5103 elementor-widget elementor-widget-image\" data-id=\"8be5103\" data-element_type=\"widget\" data-widget_type=\"image.default\">\n\t\t\t\t<div class=\"elementor-widget-container\">\n\t\t\t\t\t\t\t\t\t\t\t\t\t\t\t\t<a href=\"https:\/\/feel-good.li\/index.php\/hypnose\/\">\n\t\t\t\t\t\t\t<img loading=\"lazy\" decoding=\"async\" width=\"1024\" height=\"683\" src=\"https:\/\/feel-good.li\/wp-content\/uploads\/2021\/06\/hypnosis-4041582_1920-1024x683.jpg\" class=\"attachment-large size-large wp-image-680\" alt=\"\" srcset=\"https:\/\/feel-good.li\/wp-content\/uploads\/2021\/06\/hypnosis-4041582_1920-1024x683.jpg 1024w, https:\/\/feel-good.li\/wp-content\/uploads\/2021\/06\/hypnosis-4041582_1920-300x200.jpg 300w, https:\/\/feel-good.li\/wp-content\/uploads\/2021\/06\/hypnosis-4041582_1920-768x512.jpg 768w, https:\/\/feel-good.li\/wp-content\/uploads\/2021\/06\/hypnosis-4041582_1920-1536x1024.jpg 1536w, https:\/\/feel-good.li\/wp-content\/uploads\/2021\/06\/hypnosis-4041582_1920.jpg 1920w\" sizes=\"auto, (max-width: 1024px) 100vw, 1024px\" \/>\t\t\t\t\t\t\t\t<\/a>\n\t\t\t\t\t\t\t\t\t\t\t\t\t\t\t<\/div>\n\t\t\t\t<\/div>\n\t\t\t\t<div class=\"elementor-element elementor-element-c18bc14 elementor-widget elementor-widget-text-editor\" data-id=\"c18bc14\" data-element_type=\"widget\" data-widget_type=\"text-editor.default\">\n\t\t\t\t<div class=\"elementor-widget-container\">\n\t\t\t\t\t\t\t<p>Hypnose mit Tatiana<\/p>\t\t\t\t\t\t<\/div>\n\t\t\t\t<\/div>\n\t\t\t\t\t<\/div>\n\t\t<\/div>\n\t\t\t\t\t\t\t<\/div>\n\t\t<\/section>\n\t\t\t\t<section class=\"elementor-section elementor-inner-section elementor-element elementor-element-dca7269 elementor-section-height-min-height elementor-section-boxed elementor-section-height-default\" data-id=\"dca7269\" data-element_type=\"section\">\n\t\t\t\t\t\t<div class=\"elementor-container elementor-column-gap-wide\">\n\t\t\t\t\t<div class=\"elementor-column elementor-col-33 elementor-inner-column elementor-element elementor-element-cf06e1f\" data-id=\"cf06e1f\" data-element_type=\"column\">\n\t\t\t<div class=\"elementor-widget-wrap elementor-element-populated\">\n\t\t\t\t\t\t\t\t<div class=\"elementor-element elementor-element-7e7bc3d elementor-widget elementor-widget-image\" data-id=\"7e7bc3d\" data-element_type=\"widget\" data-widget_type=\"image.default\">\n\t\t\t\t<div class=\"elementor-widget-container\">\n\t\t\t\t\t\t\t\t\t\t\t\t\t\t\t\t<a href=\"https:\/\/feel-good.li\/index.php\/beachupcamp\/\">\n\t\t\t\t\t\t\t<img loading=\"lazy\" decoding=\"async\" width=\"1024\" height=\"683\" src=\"https:\/\/feel-good.li\/wp-content\/uploads\/2021\/06\/woman-2250970_1920-1024x683.jpg\" class=\"attachment-large size-large wp-image-685\" alt=\"\" srcset=\"https:\/\/feel-good.li\/wp-content\/uploads\/2021\/06\/woman-2250970_1920-1024x683.jpg 1024w, https:\/\/feel-good.li\/wp-content\/uploads\/2021\/06\/woman-2250970_1920-300x200.jpg 300w, https:\/\/feel-good.li\/wp-content\/uploads\/2021\/06\/woman-2250970_1920-768x512.jpg 768w, https:\/\/feel-good.li\/wp-content\/uploads\/2021\/06\/woman-2250970_1920-1536x1024.jpg 1536w, https:\/\/feel-good.li\/wp-content\/uploads\/2021\/06\/woman-2250970_1920.jpg 1920w\" sizes=\"auto, (max-width: 1024px) 100vw, 1024px\" \/>\t\t\t\t\t\t\t\t<\/a>\n\t\t\t\t\t\t\t\t\t\t\t\t\t\t\t<\/div>\n\t\t\t\t<\/div>\n\t\t\t\t<div class=\"elementor-element elementor-element-345f099 elementor-widget elementor-widget-text-editor\" data-id=\"345f099\" data-element_type=\"widget\" data-widget_type=\"text-editor.default\">\n\t\t\t\t<div class=\"elementor-widget-container\">\n\t\t\t\t\t\t\t<p>BeachUpCamp mit Ruth<\/p>\t\t\t\t\t\t<\/div>\n\t\t\t\t<\/div>\n\t\t\t\t\t<\/div>\n\t\t<\/div>\n\t\t\t\t<div class=\"elementor-column elementor-col-33 elementor-inner-column elementor-element elementor-element-1788333\" data-id=\"1788333\" data-element_type=\"column\">\n\t\t\t<div class=\"elementor-widget-wrap elementor-element-populated\">\n\t\t\t\t\t\t\t\t<div class=\"elementor-element elementor-element-885efe6 elementor-widget elementor-widget-image\" data-id=\"885efe6\" data-element_type=\"widget\" data-widget_type=\"image.default\">\n\t\t\t\t<div class=\"elementor-widget-container\">\n\t\t\t\t\t\t\t\t\t\t\t\t\t\t\t\t<a href=\"https:\/\/feel-good.li\/index.php\/pole-fitness\/\">\n\t\t\t\t\t\t\t<img loading=\"lazy\" decoding=\"async\" width=\"1024\" height=\"683\" src=\"https:\/\/feel-good.li\/wp-content\/uploads\/2021\/06\/PoleFitness_1-1024x683.jpeg\" class=\"attachment-large size-large wp-image-767\" alt=\"\" srcset=\"https:\/\/feel-good.li\/wp-content\/uploads\/2021\/06\/PoleFitness_1-1024x683.jpeg 1024w, https:\/\/feel-good.li\/wp-content\/uploads\/2021\/06\/PoleFitness_1-300x200.jpeg 300w, https:\/\/feel-good.li\/wp-content\/uploads\/2021\/06\/PoleFitness_1-768x512.jpeg 768w, https:\/\/feel-good.li\/wp-content\/uploads\/2021\/06\/PoleFitness_1-1536x1024.jpeg 1536w, https:\/\/feel-good.li\/wp-content\/uploads\/2021\/06\/PoleFitness_1-2048x1365.jpeg 2048w\" sizes=\"auto, (max-width: 1024px) 100vw, 1024px\" \/>\t\t\t\t\t\t\t\t<\/a>\n\t\t\t\t\t\t\t\t\t\t\t\t\t\t\t<\/div>\n\t\t\t\t<\/div>\n\t\t\t\t<div class=\"elementor-element elementor-element-4faf3a5 elementor-widget elementor-widget-text-editor\" data-id=\"4faf3a5\" data-element_type=\"widget\" data-widget_type=\"text-editor.default\">\n\t\t\t\t<div class=\"elementor-widget-container\">\n\t\t\t\t\t\t\t<p>Pole-Fitness mit Janine<br \/>(1 &#8211; 3 Personen)<\/p>\t\t\t\t\t\t<\/div>\n\t\t\t\t<\/div>\n\t\t\t\t\t<\/div>\n\t\t<\/div>\n\t\t\t\t<div class=\"elementor-column elementor-col-33 elementor-inner-column elementor-element elementor-element-df02c0a\" data-id=\"df02c0a\" data-element_type=\"column\">\n\t\t\t<div class=\"elementor-widget-wrap elementor-element-populated\">\n\t\t\t\t\t\t\t\t<div class=\"elementor-element elementor-element-3054cd4 elementor-widget elementor-widget-image\" data-id=\"3054cd4\" data-element_type=\"widget\" data-widget_type=\"image.default\">\n\t\t\t\t<div class=\"elementor-widget-container\">\n\t\t\t\t\t\t\t\t\t\t\t\t\t\t\t\t<a href=\"https:\/\/feel-good.li\/index.php\/bike\/\">\n\t\t\t\t\t\t\t<img loading=\"lazy\" decoding=\"async\" width=\"1024\" height=\"682\" src=\"https:\/\/feel-good.li\/wp-content\/uploads\/2021\/06\/motion-blur-1281675_1920-1024x682.jpg\" class=\"attachment-large size-large wp-image-677\" alt=\"\" srcset=\"https:\/\/feel-good.li\/wp-content\/uploads\/2021\/06\/motion-blur-1281675_1920-1024x682.jpg 1024w, https:\/\/feel-good.li\/wp-content\/uploads\/2021\/06\/motion-blur-1281675_1920-300x200.jpg 300w, https:\/\/feel-good.li\/wp-content\/uploads\/2021\/06\/motion-blur-1281675_1920-768x512.jpg 768w, https:\/\/feel-good.li\/wp-content\/uploads\/2021\/06\/motion-blur-1281675_1920-1536x1023.jpg 1536w, https:\/\/feel-good.li\/wp-content\/uploads\/2021\/06\/motion-blur-1281675_1920.jpg 1920w\" sizes=\"auto, (max-width: 1024px) 100vw, 1024px\" \/>\t\t\t\t\t\t\t\t<\/a>\n\t\t\t\t\t\t\t\t\t\t\t\t\t\t\t<\/div>\n\t\t\t\t<\/div>\n\t\t\t\t<div class=\"elementor-element elementor-element-82e55c5 elementor-widget elementor-widget-text-editor\" data-id=\"82e55c5\" data-element_type=\"widget\" data-widget_type=\"text-editor.default\">\n\t\t\t\t<div class=\"elementor-widget-container\">\n\t\t\t\t\t\t\t<p>Ergonomie und Bikefitting mit Robert<\/p>\t\t\t\t\t\t<\/div>\n\t\t\t\t<\/div>\n\t\t\t\t\t<\/div>\n\t\t<\/div>\n\t\t\t\t\t\t\t<\/div>\n\t\t<\/section>\n\t\t\t\t\t<\/div>\n\t\t<\/div>\n\t\t\t\t\t\t\t<\/div>\n\t\t<\/section>\n\t\t\t\t\t\t\t<\/div>\n\t\t","protected":false},"excerpt":{"rendered":"<p>Netzwerk f\u00fcr Personaltraining F\u00fchl dich gut mit uns Mit dem Slogan &#8220;f\u00fchl dich gut mit uns&#8221; m\u00f6chten wir ein vielf\u00e4ltiges Angebot anbieten, welches \u00fcber verschiedene Arten von K\u00f6rpertraining bis hin zur mentalen Ebene ausgeweitet werden kann. Bewegung ist das Grundelement unserer \u00dcberlegungen &#8211; wenn dazu noch Wissen \u00fcber Ern\u00e4hrung vermittelt wird und Spass in Kleingruppen &hellip;<\/p>\n<p class=\"read-more\"> <a class=\"\" href=\"https:\/\/feel-good.li\/index.php\/personaltraining\/\"> <span class=\"screen-reader-text\">Personal Training<\/span> Weiterlesen &raquo;<\/a><\/p>\n","protected":false},"author":1,"featured_media":0,"parent":0,"menu_order":0,"comment_status":"closed","ping_status":"closed","template":"","meta":{"site-sidebar-layout":"no-sidebar","site-content-layout":"page-builder","ast-global-header-display":"","ast-main-header-display":"","ast-hfb-above-header-display":"","ast-hfb-below-header-display":"","ast-hfb-mobile-header-display":"","site-post-title":"disabled","ast-breadcrumbs-content":"","ast-featured-img":"disabled","footer-sml-layout":"","theme-transparent-header-meta":"default","adv-header-id-meta":"","stick-header-meta":"","header-above-stick-meta":"","header-main-stick-meta":"","header-below-stick-meta":"","footnotes":""},"class_list":["post-22","page","type-page","status-publish","hentry"],"_links":{"self":[{"href":"https:\/\/feel-good.li\/index.php\/wp-json\/wp\/v2\/pages\/22","targetHints":{"allow":["GET"]}}],"collection":[{"href":"https:\/\/feel-good.li\/index.php\/wp-json\/wp\/v2\/pages"}],"about":[{"href":"https:\/\/feel-good.li\/index.php\/wp-json\/wp\/v2\/types\/page"}],"author":[{"embeddable":true,"href":"https:\/\/feel-good.li\/index.php\/wp-json\/wp\/v2\/users\/1"}],"replies":[{"embeddable":true,"href":"https:\/\/feel-good.li\/index.php\/wp-json\/wp\/v2\/comments?post=22"}],"version-history":[{"count":105,"href":"https:\/\/feel-good.li\/index.php\/wp-json\/wp\/v2\/pages\/22\/revisions"}],"predecessor-version":[{"id":1215,"href":"https:\/\/feel-good.li\/index.php\/wp-json\/wp\/v2\/pages\/22\/revisions\/1215"}],"wp:attachment":[{"href":"https:\/\/feel-good.li\/index.php\/wp-json\/wp\/v2\/media?parent=22"}],"curies":[{"name":"wp","href":"https:\/\/api.w.org\/{rel}","templated":true}]}}